{"id":185,"date":"2014-12-05T23:10:08","date_gmt":"2014-12-05T23:10:08","guid":{"rendered":"http:\/\/altaberbezahlt.org\/wordpress?page_id=185"},"modified":"2019-08-22T01:08:21","modified_gmt":"2019-08-21T23:08:21","slug":"highlights","status":"publish","type":"page","link":"https:\/\/altaberbezahlt.org\/wordpress\/highlights\/","title":{"rendered":"Highlights"},"content":{"rendered":"<hr \/>\n<p>25.03.2018 (<a href=\"https:\/\/altaberbezahlt.org\/wordpress\/nachlese-zu-5-jahre-alt-aber-bezahlt-am-25-03-2018\/\" target=\"_blank\" rel=\"noopener noreferrer\">klick hier f\u00fcr den kompletten Beitrag<\/a>):<\/p>\n<p>Jubil\u00e4um: 5 Jahre Alt aber b\u20aczahlt !!! &amp; &#8217;81er DeLorean DMC-12<\/p>\n<p><img decoding=\"async\" src=\"http:\/\/altaberbezahlt.org\/pics\/2018_03_25\/03.JPG\" \/><\/p>\n<hr \/>\n<p>25.02.2018 (<a href=\"https:\/\/altaberbezahlt.org\/wordpress\/nachlese-zum-25-02-2018\/\" target=\"_blank\" rel=\"noopener noreferrer\">klick hier f\u00fcr den kompletten Beitrag<\/a>):<\/p>\n<p>&#8217;85er Renault 5 Turbo 2<\/p>\n<p><img decoding=\"async\" src=\"http:\/\/altaberbezahlt.org\/pics\/2018_02_25\/10.JPG\" \/><\/p>\n<hr \/>\n<p>28.01.2018 (<a href=\"https:\/\/altaberbezahlt.org\/wordpress\/nachlese-zum-28-01-2018\/\" target=\"_blank\" rel=\"noopener noreferrer\">klick hier f\u00fcr den kompletten Beitrag<\/a>):<\/p>\n<p>&#8217;85er MB Trac turbo 900<\/p>\n<p><img decoding=\"async\" src=\"http:\/\/altaberbezahlt.org\/pics\/2018_01_28\/03.JPG\" \/><\/p>\n<hr \/>\n<p>25.12.2017 (<a href=\"https:\/\/altaberbezahlt.org\/wordpress\/nachlese-zum-25-12-2017\/\" target=\"_blank\" rel=\"noopener noreferrer\">klick hier f\u00fcr den kompletten Beitrag<\/a>):<\/p>\n<p>&#8217;63er Opel Rekord A<\/p>\n<p><img decoding=\"async\" src=\"http:\/\/altaberbezahlt.org\/pics\/2017_12_25\/08.JPG\" \/><\/p>\n<hr \/>\n<p>24.09.2017 (<a href=\"https:\/\/altaberbezahlt.org\/wordpress\/nachlese-zum-24-09-2017\/\" target=\"_blank\" rel=\"noopener noreferrer\">klick hier f\u00fcr den kompletten Beitrag<\/a>):<\/p>\n<p>&#8217;51er Mercury Eight<\/p>\n<p><img decoding=\"async\" src=\"http:\/\/altaberbezahlt.org\/pics\/2017_09_24\/05.JPG\" \/><\/p>\n<hr \/>\n<p>27.08.2017 (<a href=\"https:\/\/altaberbezahlt.org\/wordpress\/nachlese-zum-27-08-2017\/\" target=\"_blank\" rel=\"noopener noreferrer\">klick hier f\u00fcr den kompletten Beitrag<\/a>):<\/p>\n<p>&#8217;85er Chevrolet K-Series ex-Army<\/p>\n<p><img decoding=\"async\" src=\"http:\/\/altaberbezahlt.org\/pics\/2017_08_27\/02.JPG\" \/><\/p>\n<hr \/>\n<p>23.07.2017 (<a href=\"https:\/\/altaberbezahlt.org\/wordpress\/nachlese-zum-23-07-2017\/\" target=\"_blank\" rel=\"noopener noreferrer\">klick hier f\u00fcr den kompletten Beitrag<\/a>):<\/p>\n<p>stark modifizierter Opel Manta A<\/p>\n<p><img decoding=\"async\" src=\"http:\/\/altaberbezahlt.org\/pics\/2017_07_23\/05.JPG\" \/><\/p>\n<hr \/>\n<p>28.05.2017 (<a href=\"https:\/\/altaberbezahlt.org\/wordpress\/nachlese-zum-28-05-2017\/\" target=\"_blank\" rel=\"noopener noreferrer\">klick hier f\u00fcr den kompletten Beitrag<\/a>):<\/p>\n<p>BMW R 80 G\/S mit \u00fcber 200.000 km<\/p>\n<p><img decoding=\"async\" src=\"http:\/\/altaberbezahlt.org\/pics\/2017_05_28\/02.JPG\" alt=\"\" \/><\/p>\n<hr \/>\n<p>23.04.2017 (<a href=\"https:\/\/altaberbezahlt.org\/wordpress\/nachlese-zum-23-04-2017\/\" target=\"_blank\" rel=\"noopener noreferrer\">klick hier f\u00fcr den kompletten Beitrag<\/a>):<\/p>\n<p>1975er Ford LTD<\/p>\n<p><img decoding=\"async\" src=\"http:\/\/altaberbezahlt.org\/pics\/2017_04_23\/07.JPG\" alt=\"\" \/><\/p>\n<hr \/>\n<p>26.03.2017 (<a href=\"https:\/\/altaberbezahlt.org\/wordpress\/nachlese-zum-jubilaeums-aab-am-26-03-2017\/\" target=\"_blank\" rel=\"noopener noreferrer\">klick hier f\u00fcr den kompletten Beitrag<\/a>):<\/p>\n<p>Jubil\u00e4um: 4 Jahre Alt aber b\u20aczahlt !!!<\/p>\n<p><img decoding=\"async\" src=\"http:\/\/altaberbezahlt.org\/pics\/2017_03_26\/02.JPG\" alt=\"\" \/><\/p>\n<hr \/>\n<p>26.02.2017 (<a href=\"https:\/\/altaberbezahlt.org\/wordpress\/nachlese-zum-26-02-2017\/\" target=\"_blank\" rel=\"noopener noreferrer\">klick hier f\u00fcr den kompletten Beitrag<\/a>):<\/p>\n<p>1955er G\u00f6ricke (98 ccm) &amp; Triumph 250<\/p>\n<p><img decoding=\"async\" src=\"http:\/\/altaberbezahlt.org\/pics\/2017_02_26\/06.JPG\" alt=\"\" \/><\/p>\n<p><img decoding=\"async\" src=\"http:\/\/altaberbezahlt.org\/pics\/2017_02_26\/07.JPG\" alt=\"\" \/><\/p>\n<hr \/>\n<p>25.12.2016 (<a href=\"https:\/\/altaberbezahlt.org\/wordpress\/nachlese-zum-25-12-2016\/\" target=\"_blank\" rel=\"noopener noreferrer\">klick hier f\u00fcr den kompletten Beitrag<\/a>):<\/p>\n<p>Dodge RAM 2500 (BE)<\/p>\n<p><img decoding=\"async\" src=\"http:\/\/altaberbezahlt.org\/pics\/2016_12_25\/03.JPG\" alt=\"\" \/><\/p>\n<hr \/>\n<p>25.09.2016 (<a href=\"https:\/\/altaberbezahlt.org\/wordpress\/nachlese-zum-25-09-2016\/\" target=\"_blank\" rel=\"noopener noreferrer\">klick hier f\u00fcr den kompletten Beitrag<\/a>):<\/p>\n<p>Wartburg 353 Tourist deluxe<\/p>\n<p><img decoding=\"async\" src=\"http:\/\/altaberbezahlt.org\/pics\/2016_09_25\/02.JPG\" alt=\"\" \/><\/p>\n<hr \/>\n<p>28.08.2016 (<a href=\"https:\/\/altaberbezahlt.org\/wordpress\/nachlese-zum-28-08-2016\/\" target=\"_blank\" rel=\"noopener noreferrer\">klick hier f\u00fcr den kompletten Beitrag<\/a>):<\/p>\n<p>Nissan Skyline GT-T R34<\/p>\n<p><img decoding=\"async\" src=\"http:\/\/altaberbezahlt.org\/pics\/2016_08_28\/06.JPG\" alt=\"\" \/><\/p>\n<hr \/>\n<p>24.07.2016 (<a href=\"https:\/\/altaberbezahlt.org\/wordpress\/nachlese-zum-24-07-2016\/\" target=\"_blank\" rel=\"noopener noreferrer\">klick hier f\u00fcr den kompletten Beitrag<\/a>):<\/p>\n<p>Fiat 130<\/p>\n<p><img decoding=\"async\" src=\"http:\/\/altaberbezahlt.org\/pics\/2016_07_24\/04.JPG\" alt=\"\" \/><\/p>\n<hr \/>\n<p>26.06.2016 (<a href=\"https:\/\/altaberbezahlt.org\/wordpress\/nachlese-zum-26-06-2016\/\" target=\"_blank\" rel=\"noopener noreferrer\">klick hier f\u00fcr den kompletten Beitrag<\/a>):<\/p>\n<p>stark modifzierter K\u00e4fer<\/p>\n<p><img decoding=\"async\" src=\"http:\/\/altaberbezahlt.org\/pics\/2016_06_26\/03.JPG\" alt=\"\" \/><\/p>\n<hr \/>\n<p>22.05.2016 (<a href=\"https:\/\/altaberbezahlt.org\/wordpress\/nachlese-zum-22-05-2016\/\" target=\"_blank\" rel=\"noopener noreferrer\">klick hier f\u00fcr den kompletten Beitrag<\/a>):<\/p>\n<p>Kreidler Florett RMC-BG<\/p>\n<p><img decoding=\"async\" src=\"http:\/\/altaberbezahlt.org\/pics\/2016_05_22\/15.JPG\" alt=\"\" \/><\/p>\n<hr \/>\n<p>24.04.2016 (<a href=\"https:\/\/altaberbezahlt.org\/wordpress\/nachlese-zum-24-04-2016\/\" target=\"_blank\" rel=\"noopener noreferrer\">klick hier f\u00fcr den kompletten Beitrag<\/a>):<\/p>\n<p>VW Rallye Golf<\/p>\n<p><img decoding=\"async\" src=\"http:\/\/altaberbezahlt.org\/pics\/2016_04_24\/06.JPG\" alt=\"\" \/><\/p>\n<hr \/>\n<p>27.03.2016 (<a href=\"https:\/\/altaberbezahlt.org\/wordpress\/nachlese-zum-jubilaeums-aab-am-27-03-2016\/\" target=\"_blank\" rel=\"noopener noreferrer\">klick hier f\u00fcr den kompletten Beitrag<\/a>):<\/p>\n<p>Jubil\u00e4um: 3 Jahre Alt aber b\u20aczahlt !!!<\/p>\n<p><img decoding=\"async\" src=\"http:\/\/altaberbezahlt.org\/pics\/2016_03_27\/02.JPG\" alt=\"\" \/><\/p>\n<hr \/>\n<p>28.02.2016 (<a href=\"https:\/\/altaberbezahlt.org\/wordpress\/nachlese-zum-28-02-2016\/\" target=\"_blank\" rel=\"noopener noreferrer\">klick hier f\u00fcr den kompletten Beitrag<\/a>):<\/p>\n<p>Fiat 124 Sport Coup\u00e9 Serie 3<\/p>\n<p><img decoding=\"async\" src=\"http:\/\/altaberbezahlt.org\/pics\/2016_02_28\/02.JPG\" alt=\"\" \/><\/p>\n<hr \/>\n<p>22.11.2015 (<a href=\"https:\/\/altaberbezahlt.org\/wordpress\/nachlese-zum-22-11-2015\/\" target=\"_blank\" rel=\"noopener noreferrer\">klick hier f\u00fcr den kompletten Beitrag<\/a>):<\/p>\n<p>stark Off-Road-modifizierter Opel Frontera A<\/p>\n<p><img decoding=\"async\" src=\"http:\/\/altaberbezahlt.org\/pics\/2015_11_22\/08.JPG\" alt=\"\" \/><\/p>\n<hr \/>\n<p>25.10.2015 (<a href=\"https:\/\/altaberbezahlt.org\/wordpress\/nachlese-zum-25-10-2015\/\" target=\"_blank\" rel=\"noopener noreferrer\">klick hier f\u00fcr den kompletten Beitrag<\/a>):<\/p>\n<p>top gepflegter BMW 325 (E30) mit nur 130 tkm<\/p>\n<p><img decoding=\"async\" src=\"http:\/\/altaberbezahlt.org\/pics\/2015_10_25\/06.JPG\" alt=\"\" \/><\/p>\n<hr \/>\n<p>23.08.2015 (<a href=\"https:\/\/altaberbezahlt.org\/wordpress\/nachlese-zum-23-08-2015\/\" target=\"_blank\" rel=\"noopener noreferrer\">klick hier f\u00fcr den kompletten Beitrag<\/a>):<\/p>\n<p>italienisches Eis auf dem Alt aber bezahlt- stilecht aus einem VW T3 Eiswagen<\/p>\n<p><img decoding=\"async\" src=\"http:\/\/altaberbezahlt.org\/pics\/2015_08_23\/10.jpg\" alt=\"\" \/><\/p>\n<hr \/>\n<p>28.06.2015 (<a href=\"https:\/\/altaberbezahlt.org\/wordpress\/nachlese-zum-28-06-2015\/\" target=\"_blank\" rel=\"noopener noreferrer\">klick hier f\u00fcr den kompletten Beitrag<\/a>):<\/p>\n<p>VW Scirocco I Zeitzeuge aus den fr\u00fchen 90er Jahren<\/p>\n<p><img decoding=\"async\" src=\"http:\/\/altaberbezahlt.org\/pics\/2015_06_28\/02.jpg\" alt=\"\" \/><\/p>\n<hr \/>\n<p>22.03.2015 (<a href=\"https:\/\/altaberbezahlt.org\/wordpress\/nachlese-zum-jubilaeums-aab-am-22-03-2015\/\" target=\"_blank\" rel=\"noopener noreferrer\">klick hier f\u00fcr den kompletten Beitrag<\/a>):<\/p>\n<p>Jubil\u00e4um: 2 Jahre Alt aber b\u20aczahlt !!!<\/p>\n<p><img decoding=\"async\" src=\"http:\/\/altaberbezahlt.org\/pics\/2015_03_22\/06.jpg\" alt=\"\" \/><\/p>\n<hr \/>\n<p>28.12.2014 (<a href=\"https:\/\/altaberbezahlt.org\/wordpress\/nachlese-zum-28-12-2014\/\" target=\"_blank\" rel=\"noopener noreferrer\">klick hier f\u00fcr den kompletten Beitrag<\/a>):<\/p>\n<p>Alt aber b\u20aczahlt <strong>IM<\/strong> Schnee!<\/p>\n<p><img decoding=\"async\" src=\"http:\/\/altaberbezahlt.org\/pics\/2014_12_28\/01.JPG\" alt=\"\" \/><\/p>\n<hr \/>\n<p>28.09.2014 (<a href=\"https:\/\/altaberbezahlt.org\/wordpress?p=107\" target=\"_blank\" rel=\"noopener noreferrer\">klick hier f\u00fcr den kompletten Beitrag<\/a>):<\/p>\n<p>Besuch der <a href=\"http:\/\/roaf-wiesloch.de\/\" target=\"_blank\" rel=\"noopener noreferrer\">Renault Oldie und Alpine Freunde Wiesloch<\/a> &#8211; Besucherrekord insgesamt 25 Fahrzeuge und \u00fcber 40 Personen!<\/p>\n<p><img decoding=\"async\" src=\"http:\/\/blog.makrochip.de\/2014-09-28\/09.JPG\" alt=\"\" \/><\/p>\n<hr \/>\n<p>13.07.2014 (<a href=\"https:\/\/altaberbezahlt.org\/wordpress?p=95\" target=\"_blank\" rel=\"noopener noreferrer\">klick hier f\u00fcr den kompletten Beitrag<\/a>):<\/p>\n<p>Besuch mit einer &#8222;Agrar&#8220;-Abordnung des AAB&#8217;s von 4 Fahrzeugen beim Oldtimer und Traktortreffen bei Axel&#8217;s Schlemmerparadies<\/p>\n<p><img decoding=\"async\" src=\"http:\/\/blog.makrochip.de\/2014-07-13\/01.JPG\" alt=\"\" \/><\/p>\n<p>&nbsp;<\/p>\n<hr \/>\n<p>22.06.2014 (<a href=\"https:\/\/altaberbezahlt.org\/wordpress?p=93\" target=\"_blank\" rel=\"noopener noreferrer\">klick hier f\u00fcr den kompletten Beitrag<\/a>):<\/p>\n<p>Smutje&#8217;s Deutz MAH 711<\/p>\n<p><img decoding=\"async\" src=\"http:\/\/blog.makrochip.de\/2014-06-24\/02.JPG\" alt=\"\" \/><\/p>\n<p>&nbsp;<\/p>\n<hr \/>\n<p>25.05.2014 (<a href=\"https:\/\/altaberbezahlt.org\/wordpress?p=89\" target=\"_blank\" rel=\"noopener noreferrer\">klick hier f\u00fcr den kompletten Beitrag<\/a>):<\/p>\n<p>Scirocco 1-Zeitzeuge &amp; Trabant K\u00fcbel<\/p>\n<p><img decoding=\"async\" src=\"http:\/\/blog.makrochip.de\/2014-05-25\/05.JPG\" alt=\"\" \/><\/p>\n<p><img decoding=\"async\" src=\"http:\/\/blog.makrochip.de\/2014-05-25\/09.JPG\" alt=\"\" \/><\/p>\n<hr \/>\n<p>27.04.2014 (<a href=\"https:\/\/altaberbezahlt.org\/wordpress?p=85\" target=\"_blank\" rel=\"noopener noreferrer\">klick hier f\u00fcr den kompletten Beitrag<\/a>):<\/p>\n<p>Schweineri&#8217;s <a href=\"https:\/\/www.facebook.com\/HorschtPfui\" target=\"_blank\" rel=\"noopener noreferrer\">Horscht Pfui<\/a> &amp; Jeep CJ-7<\/p>\n<p><img decoding=\"async\" src=\"http:\/\/blog.makrochip.de\/2014-04-27\/05.JPG\" alt=\"\" \/><\/p>\n<p><img decoding=\"async\" src=\"http:\/\/blog.makrochip.de\/2014-04-27\/19.JPG\" alt=\"\" \/><\/p>\n<hr \/>\n<p>23.03.2014 (<a href=\"https:\/\/altaberbezahlt.org\/wordpress?p=81\" target=\"_blank\" rel=\"noopener noreferrer\">klick hier f\u00fcr den kompletten Beitrag<\/a>):<\/p>\n<p>1 Jahr Alt aber b\u20aczahlt &#8211; ein Grund zum Feiern<\/p>\n<p><img decoding=\"async\" src=\"http:\/\/blog.makrochip.de\/2014-03-23\/01.JPG\" alt=\"\" \/><\/p>\n<hr \/>\n<p>22.12.2013 (<a title=\"Nachlese zum 22.12.2013\" href=\"https:\/\/altaberbezahlt.org\/wordpress?p=69\" target=\"_blank\" rel=\"noopener noreferrer\">klick hier f\u00fcr den kompletten Beitrag<\/a>):<\/p>\n<p>Schmackhaftes aus Smutje&#8217;s Versorgungsschiff beim vorweihnachtlichen AAB 2013<\/p>\n<p><img decoding=\"async\" src=\"http:\/\/blog.makrochip.de\/2013-12-22\/05.JPG\" alt=\"\" \/><\/p>\n<hr \/>\n<p>28.07.2013 (<a title=\"Nachlese zum 28.07.2013\" href=\"https:\/\/altaberbezahlt.org\/wordpress?p=50\" target=\"_blank\" rel=\"noopener noreferrer\">klick hier f\u00fcr den kompletten Beitrag<\/a>):<\/p>\n<p>extremer Ford Sierra mit offizieller Eskorte<\/p>\n<p><img decoding=\"async\" src=\"http:\/\/blog.makrochip.de\/2013-07-29\/03.JPG\" alt=\"\" \/><\/p>\n<hr \/>\n<p>23.06.2013 (<a title=\"Nachlese zum 23.06.2013\" href=\"https:\/\/altaberbezahlt.org\/wordpress?p=46\" target=\"_blank\" rel=\"noopener noreferrer\">klick hier f\u00fcr den kompletten Beitrag<\/a>):<\/p>\n<p>Mr. B&#8217;s Renault Alpine A110<\/p>\n<p><img decoding=\"async\" src=\"http:\/\/blog.makrochip.de\/2013-06-23\/04.JPG\" alt=\"\" \/><\/p>\n<hr \/>\n<p>28.04.2013 (<a title=\"Nachlese zum 28.04.2013\" href=\"https:\/\/altaberbezahlt.org\/wordpress?p=38\" target=\"_blank\" rel=\"noopener noreferrer\">klick hier f\u00fcr den kompletten Beitrag<\/a>):<\/p>\n<p>Enzo&#8217;s Volvo Amazon<\/p>\n<p><img decoding=\"async\" src=\"http:\/\/blog.makrochip.de\/2013-04-28\/08.JPG\" alt=\"\" \/><\/p>\n","protected":false},"excerpt":{"rendered":"<p>25.03.2018 (klick hier f\u00fcr den kompletten Beitrag): Jubil\u00e4um: 5 Jahre Alt aber b\u20aczahlt !!! &amp; &#8217;81er DeLorean DMC-12 25.02.2018 (klick hier f\u00fcr den kompletten Beitrag): &#8217;85er Renault 5 Turbo 2 28.01.2018 (klick hier f\u00fcr den kompletten Beitrag): &#8217;85er MB Trac turbo 900 25.12.2017 (klick hier f\u00fcr den kompletten Beitrag): &#8217;63er Opel Rekord A 24.09.2017 (klick &#8230;<\/p>\n<a href=\"https:\/\/altaberbezahlt.org\/wordpress\/highlights\/\" class=\"read-more-link\">Weiterlesen <span class=\"meta-nav\">&rarr;<\/span><\/a>","protected":false},"author":1,"featured_media":0,"parent":0,"menu_order":0,"comment_status":"open","ping_status":"closed","template":"","meta":{"footnotes":""},"class_list":["post-185","page","type-page","status-publish","hentry","penguin-post","penguin-post-not-sticky"],"_links":{"self":[{"href":"https:\/\/altaberbezahlt.org\/wordpress\/wp-json\/wp\/v2\/pages\/185","targetHints":{"allow":["GET"]}}],"collection":[{"href":"https:\/\/altaberbezahlt.org\/wordpress\/wp-json\/wp\/v2\/pages"}],"about":[{"href":"https:\/\/altaberbezahlt.org\/wordpress\/wp-json\/wp\/v2\/types\/page"}],"author":[{"embeddable":true,"href":"https:\/\/altaberbezahlt.org\/wordpress\/wp-json\/wp\/v2\/users\/1"}],"replies":[{"embeddable":true,"href":"https:\/\/altaberbezahlt.org\/wordpress\/wp-json\/wp\/v2\/comments?post=185"}],"version-history":[{"count":23,"href":"https:\/\/altaberbezahlt.org\/wordpress\/wp-json\/wp\/v2\/pages\/185\/revisions"}],"predecessor-version":[{"id":811,"href":"https:\/\/altaberbezahlt.org\/wordpress\/wp-json\/wp\/v2\/pages\/185\/revisions\/811"}],"wp:attachment":[{"href":"https:\/\/altaberbezahlt.org\/wordpress\/wp-json\/wp\/v2\/media?parent=185"}],"curies":[{"name":"wp","href":"https:\/\/api.w.org\/{rel}","templated":true}]}}