{"id":2,"date":"2014-09-05T04:41:07","date_gmt":"2014-09-05T04:41:07","guid":{"rendered":"http:\/\/localhost\/wordpress-4.0\/wordpress\/?page_id=2"},"modified":"2018-06-16T20:45:34","modified_gmt":"2018-06-16T18:45:34","slug":"wasistdas","status":"publish","type":"page","link":"https:\/\/altaberbezahlt.org\/wordpress\/wasistdas\/","title":{"rendered":"Was?"},"content":{"rendered":"<h2 style=\"text-align: center;\"><strong>Alt aber bezahlt<\/strong><\/h2>\n<p style=\"text-align: center;\"><strong>das ist DER monatliche Altautotreff f\u00fcr Freunde der Motorkultur im Neckar-Odenwald-Kreis<\/strong><\/p>\n<p><img decoding=\"async\" class=\"aligncenter\" src=\"http:\/\/blog.makrochip.de\/2014-09-28\/09.JPG\" alt=\"\" \/><\/p>\n<p style=\"text-align: center;\">Hier trifft man sich ganzj\u00e4hrig immer am 4. Sonntag im Monat, schaut sich Fahrzeuge an und f\u00fchrt Benzingespr\u00e4che&#8230;<\/p>\n<p><img decoding=\"async\" class=\"aligncenter\" src=\"http:\/\/blog.makrochip.de\/2013-04-28\/13.JPG\" alt=\"\" \/><\/p>\n<p style=\"text-align: center;\">&#8230;erfreut sich am Treffen mit gleichgesinnten Menschen und holt sich neue Impulse ab.<\/p>\n<p><img decoding=\"async\" class=\"aligncenter\" src=\"http:\/\/blog.makrochip.de\/2014-04-27\/12.JPG\" alt=\"\" \/><\/p>\n<p style=\"text-align: center;\">Dabei ist v\u00f6llig egal ob Du ein Azubi bist, der auf der Strasse sein Moped repariert oder ein &#8222;alter Hase&#8220;, der eine vollausgestattete Werkstatt sein Eigen nennt.<\/p>\n<p style=\"text-align: center;\">Auch Leute die Spa\u00df an Landmaschinen, Motorr\u00e4dern, Station\u00e4rmotoren oder alten LKW&#8217;s haben, d\u00fcrfen sich angesprochen f\u00fchlen.<\/p>\n<p><img decoding=\"async\" class=\"aligncenter\" src=\"http:\/\/blog.makrochip.de\/2014-06-24\/02.JPG\" alt=\"\" \/><\/p>\n<p style=\"text-align: center;\">\u00dcber die kalte Jahreszeit gibt es meist von unserem &#8222;Smutje&#8220; zubereitete Hei\u00dfgetr\u00e4nke und einfache Speisen, damit uns keiner auf dem Parkplatz erfriert oder den Hungertod stirbt \ud83d\ude09<\/p>\n<p><img loading=\"lazy\" decoding=\"async\" class=\"aligncenter\" src=\"http:\/\/altaberbezahlt.org\/pics\/2016_12_25\/14.JPG\" alt=\"\" width=\"640\" height=\"486\" \/><\/p>\n<p style=\"text-align: center;\">Ein Fahrzeugalter von min. 15 Jahren gilt als schwimmende Grenze, ist aber wenn man die bisherigen Nachlesen durchschaut, kein fest zementiertes K.O.-Kriterium&#8230;<\/p>\n<p style=\"text-align: center;\">Nat\u00fcrlich sind Interessierte auch ohne &#8222;passenden&#8220; Untersatz bei uns jederzeit herzlich willkommen.<\/p>\n<p>&nbsp;<\/p>\n","protected":false},"excerpt":{"rendered":"<p>Alt aber bezahlt das ist DER monatliche Altautotreff f\u00fcr Freunde der Motorkultur im Neckar-Odenwald-Kreis Hier trifft man sich ganzj\u00e4hrig immer am 4. Sonntag im Monat, schaut sich Fahrzeuge an und f\u00fchrt Benzingespr\u00e4che&#8230; &#8230;erfreut sich am Treffen mit gleichgesinnten Menschen und holt sich neue Impulse ab. Dabei ist v\u00f6llig egal ob Du ein Azubi bist, der &#8230;<\/p>\n<a href=\"https:\/\/altaberbezahlt.org\/wordpress\/wasistdas\/\" class=\"read-more-link\">Weiterlesen <span class=\"meta-nav\">&rarr;<\/span><\/a>","protected":false},"author":1,"featured_media":0,"parent":0,"menu_order":0,"comment_status":"open","ping_status":"closed","template":"","meta":{"footnotes":""},"class_list":["post-2","page","type-page","status-publish","hentry","penguin-post","penguin-post-not-sticky"],"_links":{"self":[{"href":"https:\/\/altaberbezahlt.org\/wordpress\/wp-json\/wp\/v2\/pages\/2","targetHints":{"allow":["GET"]}}],"collection":[{"href":"https:\/\/altaberbezahlt.org\/wordpress\/wp-json\/wp\/v2\/pages"}],"about":[{"href":"https:\/\/altaberbezahlt.org\/wordpress\/wp-json\/wp\/v2\/types\/page"}],"author":[{"embeddable":true,"href":"https:\/\/altaberbezahlt.org\/wordpress\/wp-json\/wp\/v2\/users\/1"}],"replies":[{"embeddable":true,"href":"https:\/\/altaberbezahlt.org\/wordpress\/wp-json\/wp\/v2\/comments?post=2"}],"version-history":[{"count":22,"href":"https:\/\/altaberbezahlt.org\/wordpress\/wp-json\/wp\/v2\/pages\/2\/revisions"}],"predecessor-version":[{"id":708,"href":"https:\/\/altaberbezahlt.org\/wordpress\/wp-json\/wp\/v2\/pages\/2\/revisions\/708"}],"wp:attachment":[{"href":"https:\/\/altaberbezahlt.org\/wordpress\/wp-json\/wp\/v2\/media?parent=2"}],"curies":[{"name":"wp","href":"https:\/\/api.w.org\/{rel}","templated":true}]}}