{"id":646,"date":"2018-03-03T15:11:56","date_gmt":"2018-03-03T14:11:56","guid":{"rendered":"http:\/\/altaberbezahlt.org\/wordpress\/?page_id=646"},"modified":"2018-03-24T23:34:36","modified_gmt":"2018-03-24T22:34:36","slug":"shop","status":"publish","type":"page","link":"https:\/\/altaberbezahlt.org\/wordpress\/shop\/","title":{"rendered":"Shop"},"content":{"rendered":"<p>Damit ihr auch au\u00dferhalb unserer Treffen der Welt zeigen k\u00f6nnt, das ihr Fans der odenw\u00e4lder Motorkultur seid, haben wir einen Textil-Fan-Shop eingerichtet.<br \/>\nDie Preise des Shop-Anbieters haben wir 1 zu 1 durchgereicht, da es keineswegs unsere Absicht ist, uns an unseren Besuchern und Fans zu bereichern.<\/p>\n<div id=\"myShop\"><a href=\"\/\/shop.spreadshirt.de\/altaberbezahlt\">altaberbezahlt<\/a><\/div>\n<p><script>\n    var spread_shop_config = {\n        shopName: 'altaberbezahlt',\n        locale: 'de_DE',\n        prefix: '\/\/shop.spreadshirt.de',\n        baseId: 'myShop'\n    };\n<\/script><\/p>\n<p><script type=\"text\/javascript\" src=\"\/\/shop.spreadshirt.de\/shopfiles\/shopclient\/shopclient.nocache.js\">\n<\/script><\/p>\n","protected":false},"excerpt":{"rendered":"<p>Damit ihr auch au\u00dferhalb unserer Treffen der Welt zeigen k\u00f6nnt, das ihr Fans der odenw\u00e4lder Motorkultur seid, haben wir einen Textil-Fan-Shop eingerichtet. Die Preise des Shop-Anbieters haben wir 1 zu 1 durchgereicht, da es keineswegs unsere Absicht ist, uns an unseren Besuchern und Fans zu bereichern. altaberbezahlt<\/p>\n<a href=\"https:\/\/altaberbezahlt.org\/wordpress\/shop\/\" class=\"read-more-link\">Weiterlesen <span class=\"meta-nav\">&rarr;<\/span><\/a>","protected":false},"author":1,"featured_media":0,"parent":0,"menu_order":0,"comment_status":"closed","ping_status":"closed","template":"","meta":{"footnotes":""},"class_list":["post-646","page","type-page","status-publish","hentry","penguin-post","penguin-post-not-sticky"],"_links":{"self":[{"href":"https:\/\/altaberbezahlt.org\/wordpress\/wp-json\/wp\/v2\/pages\/646","targetHints":{"allow":["GET"]}}],"collection":[{"href":"https:\/\/altaberbezahlt.org\/wordpress\/wp-json\/wp\/v2\/pages"}],"about":[{"href":"https:\/\/altaberbezahlt.org\/wordpress\/wp-json\/wp\/v2\/types\/page"}],"author":[{"embeddable":true,"href":"https:\/\/altaberbezahlt.org\/wordpress\/wp-json\/wp\/v2\/users\/1"}],"replies":[{"embeddable":true,"href":"https:\/\/altaberbezahlt.org\/wordpress\/wp-json\/wp\/v2\/comments?post=646"}],"version-history":[{"count":4,"href":"https:\/\/altaberbezahlt.org\/wordpress\/wp-json\/wp\/v2\/pages\/646\/revisions"}],"predecessor-version":[{"id":670,"href":"https:\/\/altaberbezahlt.org\/wordpress\/wp-json\/wp\/v2\/pages\/646\/revisions\/670"}],"wp:attachment":[{"href":"https:\/\/altaberbezahlt.org\/wordpress\/wp-json\/wp\/v2\/media?parent=646"}],"curies":[{"name":"wp","href":"https:\/\/api.w.org\/{rel}","templated":true}]}}