{"id":705,"date":"2018-06-16T20:43:22","date_gmt":"2018-06-16T18:43:22","guid":{"rendered":"http:\/\/altaberbezahlt.org\/wordpress\/?page_id=705"},"modified":"2018-06-16T20:43:22","modified_gmt":"2018-06-16T18:43:22","slug":"datenschutz","status":"publish","type":"page","link":"https:\/\/altaberbezahlt.org\/wordpress\/datenschutz\/","title":{"rendered":"Datenschutz"},"content":{"rendered":"<p>Hallo liebe Freunde und Fans des Alt aber bezahlt,<\/p>\n<p>die in den Medien vieldiskutierte neue europ\u00e4ische Datenschutz-Grundverordnung (kurz EU-DSGVO) ist auch an uns nicht vor\u00fcbergegangen. Grunds\u00e4tzlich wollen wir auch hier nochmal erw\u00e4hnen, dass wir alles was wir hier tun, aus Spa\u00df an der Freude und privatem Interesse an Autos tun &#8211; und nicht aus kommerziellem Interesse oder der Gr\u00fcndung eines Vereins. Wir sind uns aber der Verantwortung, die die Durchf\u00fchrung eines monatlichen Auto-Treffs mit sich bringt, bewusst.<\/p>\n<p>Wir wollen vermeiden, dass jeder der zu unseren Veranstaltungen kommt, eine Datenschutzerkl\u00e4rung unterschreiben muss.<br \/>\nEinerseits w\u00e4ren wir dadurch mehr oder minder gezwungen Daten \u00fcber Euch zu sammeln und zu verarbeiten, anderseits mindert es den Spa\u00df an der Sache f\u00fcr beide Seiten und f\u00fchrt vielleicht auch dazu, dass Leute das Event eher meiden werden, was absolut nicht in unserem Sinne ist.<\/p>\n<p>Generell sammeln wir keine Daten von Euch. Wenn wir Entsprechendes in der Nachlese erw\u00e4hnen, haben wir die Bilder der vergangenen Veranstaltungen mit den Aktuellen verglichen oder ihr habt es uns im Gespr\u00e4ch erz\u00e4hlt.<br \/>\nSolltet Ihr mit der Ver\u00f6ffentlichung von Bildern, die Euch oder Euer Fahrzeug zeigen, nicht einverstanden sein, sagt uns das bitte direkt. Wenn ihr das vers\u00e4umt haben solltet bzw. die Nachlese schon ver\u00f6ffentlicht wurde, schreibt uns bitte \u00fcber orga@altaberbezahlt.org an und wir werden schnellstm\u00f6glich die entsprechenden Personen, Fahrzeuge oder Nummernschilder verfremden.<\/p>\n<p>Wir hoffen nat\u00fcrlich, dass sich durch die EU-DSGVO nichts an unserem famili\u00e4ren, herzlichen Umgang und ihre Folgen \u00e4ndert. Seit 2013 sind wir jeden 4. Sonntag im Monat ein Teil Eures Lebens und sind motiviert, das in den n\u00e4chsten Jahren auch weiter zu sein. Durch einen vern\u00fcnftigen Dialog lassen sich Probleme vermeiden, bevor sie entstehen und um den Fortbestand des Alt aber bezahlt zu sichern, bieten wir Euch die M\u00f6glichkeit, diesen Dialog auch zu Nutzen.<\/p>\n<p>Wir sehen uns!<\/p>\n<p>Die Orga des Alt aber bezahlt<\/p>\n","protected":false},"excerpt":{"rendered":"<p>Hallo liebe Freunde und Fans des Alt aber bezahlt, die in den Medien vieldiskutierte neue europ\u00e4ische Datenschutz-Grundverordnung (kurz EU-DSGVO) ist auch an uns nicht vor\u00fcbergegangen. Grunds\u00e4tzlich wollen wir auch hier nochmal erw\u00e4hnen, dass wir alles was wir hier tun, aus Spa\u00df an der Freude und privatem Interesse an Autos tun &#8211; und nicht aus kommerziellem &#8230;<\/p>\n<a href=\"https:\/\/altaberbezahlt.org\/wordpress\/datenschutz\/\" class=\"read-more-link\">Weiterlesen <span class=\"meta-nav\">&rarr;<\/span><\/a>","protected":false},"author":1,"featured_media":0,"parent":0,"menu_order":0,"comment_status":"closed","ping_status":"closed","template":"","meta":{"footnotes":""},"class_list":["post-705","page","type-page","status-publish","hentry","penguin-post","penguin-post-not-sticky"],"_links":{"self":[{"href":"https:\/\/altaberbezahlt.org\/wordpress\/wp-json\/wp\/v2\/pages\/705","targetHints":{"allow":["GET"]}}],"collection":[{"href":"https:\/\/altaberbezahlt.org\/wordpress\/wp-json\/wp\/v2\/pages"}],"about":[{"href":"https:\/\/altaberbezahlt.org\/wordpress\/wp-json\/wp\/v2\/types\/page"}],"author":[{"embeddable":true,"href":"https:\/\/altaberbezahlt.org\/wordpress\/wp-json\/wp\/v2\/users\/1"}],"replies":[{"embeddable":true,"href":"https:\/\/altaberbezahlt.org\/wordpress\/wp-json\/wp\/v2\/comments?post=705"}],"version-history":[{"count":1,"href":"https:\/\/altaberbezahlt.org\/wordpress\/wp-json\/wp\/v2\/pages\/705\/revisions"}],"predecessor-version":[{"id":707,"href":"https:\/\/altaberbezahlt.org\/wordpress\/wp-json\/wp\/v2\/pages\/705\/revisions\/707"}],"wp:attachment":[{"href":"https:\/\/altaberbezahlt.org\/wordpress\/wp-json\/wp\/v2\/media?parent=705"}],"curies":[{"name":"wp","href":"https:\/\/api.w.org\/{rel}","templated":true}]}}